{"id":1147,"date":"2025-01-22T12:16:56","date_gmt":"2025-01-22T12:16:56","guid":{"rendered":"https:\/\/mtbmarsrutai.lt\/?page_id=1147"},"modified":"2026-04-15T10:14:00","modified_gmt":"2026-04-15T10:14:00","slug":"siaures-makedonija","status":"publish","type":"page","link":"https:\/\/mtbmarsrutai.lt\/?page_id=1147","title":{"rendered":"\u0160iaur\u0117s Makedonija"},"content":{"rendered":"\n<p class=\"has-text-color has-medium-font-size\" style=\"color:#632626\"><strong><a href=\"https:\/\/mtbmarsrutai.lt\/?p=1237\">8 dien\u0173 MTB \u017eygis \u0160iaur\u0117s Makedonijoje<\/a><\/strong><\/p>\n","protected":false},"excerpt":{"rendered":"<p>8 dien\u0173 MTB \u017eygis \u0160iaur\u0117s Makedonijoje<\/p>\n","protected":false},"author":1,"featured_media":0,"parent":0,"menu_order":0,"comment_status":"closed","ping_status":"closed","template":"","meta":{"_uag_custom_page_level_css":"","_monsterinsights_skip_tracking":false,"_monsterinsights_sitenote_active":false,"_monsterinsights_sitenote_note":"","_monsterinsights_sitenote_category":0,"site-sidebar-layout":"default","site-content-layout":"default","ast-global-header-display":"","ast-main-header-display":"","ast-hfb-above-header-display":"","ast-hfb-below-header-display":"","ast-hfb-mobile-header-display":"","site-post-title":"","ast-breadcrumbs-content":"","ast-featured-img":"","footer-sml-layout":"","theme-transparent-header-meta":"","adv-header-id-meta":"","stick-header-meta":"","header-above-stick-meta":"","header-main-stick-meta":"","header-below-stick-meta":""},"uagb_featured_image_src":{"full":false,"thumbnail":false,"medium":false,"medium_large":false,"large":false,"1536x1536":false,"2048x2048":false},"uagb_author_info":{"display_name":"ORRE","author_link":"https:\/\/mtbmarsrutai.lt\/?author=1"},"uagb_comment_info":0,"uagb_excerpt":"8 dien\u0173 MTB \u017eygis \u0160iaur\u0117s Makedonijoje","_links":{"self":[{"href":"https:\/\/mtbmarsrutai.lt\/index.php?rest_route=\/wp\/v2\/pages\/1147"}],"collection":[{"href":"https:\/\/mtbmarsrutai.lt\/index.php?rest_route=\/wp\/v2\/pages"}],"about":[{"href":"https:\/\/mtbmarsrutai.lt\/index.php?rest_route=\/wp\/v2\/types\/page"}],"author":[{"embeddable":true,"href":"https:\/\/mtbmarsrutai.lt\/index.php?rest_route=\/wp\/v2\/users\/1"}],"replies":[{"embeddable":true,"href":"https:\/\/mtbmarsrutai.lt\/index.php?rest_route=%2Fwp%2Fv2%2Fcomments&post=1147"}],"version-history":[{"count":5,"href":"https:\/\/mtbmarsrutai.lt\/index.php?rest_route=\/wp\/v2\/pages\/1147\/revisions"}],"predecessor-version":[{"id":1278,"href":"https:\/\/mtbmarsrutai.lt\/index.php?rest_route=\/wp\/v2\/pages\/1147\/revisions\/1278"}],"wp:attachment":[{"href":"https:\/\/mtbmarsrutai.lt\/index.php?rest_route=%2Fwp%2Fv2%2Fmedia&parent=1147"}],"curies":[{"name":"wp","href":"https:\/\/api.w.org\/{rel}","templated":true}]}}