{"id":2,"date":"2020-05-30T18:53:37","date_gmt":"2020-05-30T18:53:37","guid":{"rendered":"http:\/\/mtbmarsrutai.lt\/?page_id=2"},"modified":"2020-05-31T22:47:14","modified_gmt":"2020-05-31T22:47:14","slug":"sample-page","status":"publish","type":"page","link":"https:\/\/mtbmarsrutai.lt\/?page_id=2","title":{"rendered":"Apie Projekt\u0105"},"content":{"rendered":"\n<p>Nors Lietuva ir ne kaln\u0173 kra\u0161tas, bet d\u0117l  nuostabios gamtos, kalvoto land\u0161afto, daugyb\u0117s mi\u0161k\u0173 ir lauk\u0173 keliuk\u0173 bei takeli\u0173 tai tikras rojus kaln\u0173 dvira\u010diams. Nuo MTB jud\u0117jimo prad\u017eios ir pirm\u0173 MTB var\u017eyb\u0173 atsiradimo sukurta nema\u017eai  \u012fdomi\u0173 mtb sportini\u0173 tras\u0173 ir mar\u0161rut\u0173 ir kiekvien\u0105 dien\u0105 j\u0173 atsiranda vis daugiau, deja did\u017eiul\u0117 j\u0173 dalis pasimeta interneto platyb\u0117se ir  yra sunkiai prieinama spar\u010diai augan\u010diai kaln\u0173 dviratinink\u0173  armijai. <\/p>\n\n\n\n<p>Projekto tikslas surinkti visus \u012fdomius ir populiarius MTB mar\u0161rutus Lietuvoje \u012f vien\u0105 viet\u0105, strukt\u016brizuoti juos pagal kilometra\u017e\u0105, viet\u0105 ir sunkum\u0105, pateikti mtb mar\u0161rut\u0173 apra\u0161ymus, nuotraukas i\u0161 mtb tras\u0173 ir be abejo suteikti galimyb\u0119 parsisi\u0173sti vis\u0173 MTB mar\u0161rut\u0173 GPX failus, <span class=\"has-inline-color has-vivid-green-cyan-color\">nuorodas \u012f kuriuos rasite puslapyje po kiekvieno mar\u0161ruto apra\u0161ymu<\/span>.  I\u0161kilus  \u012fvairiems klausimams d\u0117l MTB mar\u0161rut\u0173 \u012fveikimo, navigacijos priemoni\u0173 naudojimo ar norint prane\u0161ti apie dvira\u010di\u0173 tras\u0173 b\u016bkl\u0119, taip pat norint gauti daugiau \u012fvairios informacijos, prisijunkite prie Facebook grup\u0117s <a href=\"https:\/\/www.facebook.com\/groups\/2980025275391926\/\">MTB mar\u0161rutai Lietuvoje<\/a>. Kad b\u016bt\u0173 patogiau palikti komentar\u0105 ar u\u017eduoti klausim\u0105 d\u0117l  konkre\u010dios MTB trasos, po kiekvieno MTB mar\u0161ruto apra\u0161ymu puslapyje yra nuoroda \u012f tos trasos apra\u0161ym\u0105 Facebook grup\u0117je <a href=\"https:\/\/www.facebook.com\/groups\/2980025275391926\/\">MTB mar\u0161rutai Lietuvoje<\/a>.<\/p>\n\n\n\n<p>M\u016bs\u0173 vizija,- vieninga ir informatyvi MTB mar\u0161rut\u0173 infrastrukt\u016bra Lietuvoje, o taip pat ir Pabaltijyje, bei vieninga, draugi\u0161ka ir atsakinga kaln\u0173 dviratinink\u0173 bendruomen\u0117, kurioje kiekvienas prisideda prie MTB mar\u0161rut\u0173 prie\u017ei\u016bros ir populiarinimo.<\/p>\n\n\n\n<p><\/p>\n\n\n\n<p><a href=\"https:\/\/www.facebook.com\/ORREclub\/\">ORRE klubas<\/a><\/p>\n","protected":false},"excerpt":{"rendered":"<p>Nors Lietuva ir ne kaln\u0173 kra\u0161tas, bet d\u0117l nuostabios gamtos, kalvoto land\u0161afto, daugyb\u0117s mi\u0161k\u0173 ir lauk\u0173 keliuk\u0173 bei takeli\u0173 tai tikras rojus kaln\u0173 dvira\u010diams. Nuo MTB jud\u0117jimo prad\u017eios ir pirm\u0173 MTB var\u017eyb\u0173 atsiradimo sukurta nema\u017eai \u012fdomi\u0173 mtb sportini\u0173 tras\u0173 ir mar\u0161rut\u0173 ir kiekvien\u0105 dien\u0105 j\u0173 atsiranda vis daugiau, deja did\u017eiul\u0117 j\u0173 dalis pasimeta interneto platyb\u0117se &hellip;<\/p>\n<p class=\"read-more\"> <a class=\"\" href=\"https:\/\/mtbmarsrutai.lt\/?page_id=2\"> <span class=\"screen-reader-text\">Apie Projekt\u0105<\/span> Skaityti daugiau &raquo;<\/a><\/p>\n","protected":false},"author":1,"featured_media":0,"parent":0,"menu_order":0,"comment_status":"closed","ping_status":"open","template":"","meta":{"_uag_custom_page_level_css":"","_monsterinsights_skip_tracking":false,"_monsterinsights_sitenote_active":false,"_monsterinsights_sitenote_note":"","_monsterinsights_sitenote_category":0,"site-sidebar-layout":"default","site-content-layout":"default","ast-global-header-display":"","ast-main-header-display":"","ast-hfb-above-header-display":"","ast-hfb-below-header-display":"","ast-hfb-mobile-header-display":"","site-post-title":"","ast-breadcrumbs-content":"","ast-featured-img":"","footer-sml-layout":"","theme-transparent-header-meta":"default","adv-header-id-meta":"","stick-header-meta":"","header-above-stick-meta":"","header-main-stick-meta":"","header-below-stick-meta":""},"uagb_featured_image_src":{"full":false,"thumbnail":false,"medium":false,"medium_large":false,"large":false,"1536x1536":false,"2048x2048":false},"uagb_author_info":{"display_name":"ORRE","author_link":"https:\/\/mtbmarsrutai.lt\/?author=1"},"uagb_comment_info":0,"uagb_excerpt":"Nors Lietuva ir ne kaln\u0173 kra\u0161tas, bet d\u0117l nuostabios gamtos, kalvoto land\u0161afto, daugyb\u0117s mi\u0161k\u0173 ir lauk\u0173 keliuk\u0173 bei takeli\u0173 tai tikras rojus kaln\u0173 dvira\u010diams. Nuo MTB jud\u0117jimo prad\u017eios ir pirm\u0173 MTB var\u017eyb\u0173 atsiradimo sukurta nema\u017eai \u012fdomi\u0173 mtb sportini\u0173 tras\u0173 ir mar\u0161rut\u0173 ir kiekvien\u0105 dien\u0105 j\u0173 atsiranda vis daugiau, deja did\u017eiul\u0117 j\u0173 dalis pasimeta interneto platyb\u0117se&hellip;","_links":{"self":[{"href":"https:\/\/mtbmarsrutai.lt\/index.php?rest_route=\/wp\/v2\/pages\/2"}],"collection":[{"href":"https:\/\/mtbmarsrutai.lt\/index.php?rest_route=\/wp\/v2\/pages"}],"about":[{"href":"https:\/\/mtbmarsrutai.lt\/index.php?rest_route=\/wp\/v2\/types\/page"}],"author":[{"embeddable":true,"href":"https:\/\/mtbmarsrutai.lt\/index.php?rest_route=\/wp\/v2\/users\/1"}],"replies":[{"embeddable":true,"href":"https:\/\/mtbmarsrutai.lt\/index.php?rest_route=%2Fwp%2Fv2%2Fcomments&post=2"}],"version-history":[{"count":4,"href":"https:\/\/mtbmarsrutai.lt\/index.php?rest_route=\/wp\/v2\/pages\/2\/revisions"}],"predecessor-version":[{"id":100,"href":"https:\/\/mtbmarsrutai.lt\/index.php?rest_route=\/wp\/v2\/pages\/2\/revisions\/100"}],"wp:attachment":[{"href":"https:\/\/mtbmarsrutai.lt\/index.php?rest_route=%2Fwp%2Fv2%2Fmedia&parent=2"}],"curies":[{"name":"wp","href":"https:\/\/api.w.org\/{rel}","templated":true}]}}