{"id":260,"date":"2021-03-19T12:44:00","date_gmt":"2021-03-19T12:44:00","guid":{"rendered":"http:\/\/mtbmarsrutai.lt\/?page_id=260"},"modified":"2024-04-22T09:06:23","modified_gmt":"2024-04-22T09:06:23","slug":"paremti-projekta","status":"publish","type":"page","link":"https:\/\/mtbmarsrutai.lt\/?page_id=260","title":{"rendered":"Paremti projekt\u0105"},"content":{"rendered":"\n<p>Sveiki! Kvie\u010diame prisid\u0117ti prie projekto <a href=\"http:\/\/mtbmarsrutai.lt\/\" data-type=\"URL\" data-id=\"http:\/\/mtbmarsrutai.lt\/\">mtbmarsrutai.lt<\/a> <strong>paramos<\/strong> arba skirti <strong>1,2 procento <\/strong>pajam\u0173 mokes\u010dio.<\/p>\n\n\n\n<figure class=\"wp-block-image size-large\"><img decoding=\"async\" loading=\"lazy\" width=\"1024\" height=\"578\" src=\"http:\/\/mtbmarsrutai.lt\/wp-content\/uploads\/2023\/04\/325600032_570501957973698_702422603251918960_n-1024x578.jpg\" alt=\"\" class=\"wp-image-825\" srcset=\"https:\/\/mtbmarsrutai.lt\/wp-content\/uploads\/2023\/04\/325600032_570501957973698_702422603251918960_n-1024x578.jpg 1024w, https:\/\/mtbmarsrutai.lt\/wp-content\/uploads\/2023\/04\/325600032_570501957973698_702422603251918960_n-300x169.jpg 300w, https:\/\/mtbmarsrutai.lt\/wp-content\/uploads\/2023\/04\/325600032_570501957973698_702422603251918960_n-768x434.jpg 768w, https:\/\/mtbmarsrutai.lt\/wp-content\/uploads\/2023\/04\/325600032_570501957973698_702422603251918960_n-1536x867.jpg 1536w, https:\/\/mtbmarsrutai.lt\/wp-content\/uploads\/2023\/04\/325600032_570501957973698_702422603251918960_n.jpg 2048w\" sizes=\"(max-width: 1024px) 100vw, 1024px\" \/><\/figure>\n\n\n\n<p>Su <strong>J\u016bs\u0173 pagalba<\/strong> puslapyje <a href=\"http:\/\/mtbmarsrutai.lt\/\">mtbmarsrutai.lt<\/a> surinkome ir apra\u0161\u0117me per 200 MTB dvira\u010di\u0173 mar\u0161rut\u0173 i\u0161 visos Lietuvos, vis\u0173 j\u0173 <strong>GPX<\/strong> failus rasite prie mar\u0161rut\u0173 apra\u0161ymo.<\/p>\n\n\n\n<p><\/p>\n\n\n\n<p><strong>A\u010di\u016b u\u017e param\u0105, susitiksime trasose!<\/strong><\/p>\n\n\n\n<p><\/p>\n\n\n\n<p><\/p>\n\n\n\n<hr class=\"wp-block-separator has-alpha-channel-opacity\"\/>\n\n\n\n<p><\/p>\n\n\n\n<h2 class=\"wp-block-heading\">NORIU PAREMTI PAVEDIMU<\/h2>\n\n\n\n<p>V\u0161\u012f &#8222;ORRE&#8221;<br>\u012emon\u0117s kodas: 302721315<br>Banko s\u0105skaita: LT164010051002039242<\/p>\n\n\n\n<p>Kontaktai:<br>info@orre.lt (jei norite tapti projekto partneriu ir skirti didesn\u0119 param\u0105, susisiekite: ernestas.zemaitis@gmail.com)<\/p>\n\n\n\n<p><\/p>\n\n\n\n<hr class=\"wp-block-separator has-alpha-channel-opacity\"\/>\n\n\n\n<p><\/p>\n\n\n\n<h2 class=\"wp-block-heading\">NORIU SKIRTI 1,2% \u2013 i\u0161sami instrukcija<\/h2>\n\n\n\n<p>1. Prisijunkite prie Elektronin\u0117s deklaravimo sistemos (EDS)&nbsp;<a href=\"https:\/\/deklaravimas.vmi.lt\/lt\/Pradinis_Prisijungimo_puslapis\/Prisijungimasperisorinessistemas.aspx\" target=\"_blank\" rel=\"noreferrer noopener\"><strong>\u010cIA<\/strong><\/a>.<br>2. Vir\u0161utiniame horizontaliajame EDS meniu pasirinkite \u201eDeklaravimas\u201c, tada kairiajame vertikaliame meniu \u2013 \u201ePildyti form\u0105\u201c.<br>3. Pasirinkite \u201ePra\u0161ymas skirti param\u0105\u201c.<br>4. U\u017epildykite&nbsp;<strong>FR0512 v.4 form\u0105<\/strong>&nbsp;tiesiogiai EDS portale.<br>5. Formoje u\u017epildykite asmeninius duomenis bei \u0161iuos laukelius (pa\u017eym\u0117tus laukelius u\u017epildyti b\u016btina:<\/p>\n\n\n\n<p>5 Mokestinis laikotarpis \u2013\u00a0<strong>2023<\/strong><br>6S Mokes\u010dio dal\u012f skiriu paramos gav\u0117jams \u2013 \u2714<br>E1 Gav\u0117jo tipas \u2013\u00a0<strong>2<\/strong>\u00a0[paramos gav\u0117jas]<br>E2 Gav\u0117jo identifikacinis numeris (kodas) \u2013\u00a0<strong>302721315<\/strong><br>E3 Mokes\u010dio dalies paskirtis \u2013\u00a0<strong>mtbmarsrutai.lt<\/strong> (V\u0161\u012f &#8222;ORRE&#8221;)<br>E4\u00a0Mokes\u010dio dalies dydis (procentais) \u2013\u00a0<strong>iki 1,2<\/strong><br>E5\u00a0Mokes\u010dio dal\u012f skiriu iki mokestinio laikotarpio \u2013\u00a0<strong>v\u0117liausiai iki 20xx m<\/strong>. [pildoma tik norint param\u0105 skirti ilgiau kaip 1 metus]<\/p>\n\n\n\n<p><\/p>\n\n\n\n<p>V\u0161\u012f &#8222;ORRE&#8221;<\/p>\n\n\n\n<p>\u012emon\u0117s kodas: 302721315<\/p>\n\n\n\n<p>Banko s\u0105skaita: LT164010051002039242<\/p>\n\n\n\n<p><\/p>\n\n\n\n<p><\/p>\n","protected":false},"excerpt":{"rendered":"<p>Sveiki! Kvie\u010diame prisid\u0117ti prie projekto mtbmarsrutai.lt paramos arba skirti 1,2 procento pajam\u0173 mokes\u010dio. Su J\u016bs\u0173 pagalba puslapyje mtbmarsrutai.lt surinkome ir apra\u0161\u0117me per 200 MTB dvira\u010di\u0173 mar\u0161rut\u0173 i\u0161 visos Lietuvos, vis\u0173 j\u0173 GPX failus rasite prie mar\u0161rut\u0173 apra\u0161ymo. A\u010di\u016b u\u017e param\u0105, susitiksime trasose! NORIU PAREMTI PAVEDIMU V\u0161\u012f &#8222;ORRE&#8221;\u012emon\u0117s kodas: 302721315Banko s\u0105skaita: LT164010051002039242 Kontaktai:info@orre.lt (jei norite tapti &hellip;<\/p>\n<p class=\"read-more\"> <a class=\"\" href=\"https:\/\/mtbmarsrutai.lt\/?page_id=260\"> <span class=\"screen-reader-text\">Paremti projekt\u0105<\/span> Skaityti daugiau &raquo;<\/a><\/p>\n","protected":false},"author":1,"featured_media":0,"parent":0,"menu_order":0,"comment_status":"closed","ping_status":"closed","template":"","meta":{"_uag_custom_page_level_css":"","_monsterinsights_skip_tracking":false,"_monsterinsights_sitenote_active":false,"_monsterinsights_sitenote_note":"","_monsterinsights_sitenote_category":0,"site-sidebar-layout":"default","site-content-layout":"default","ast-global-header-display":"","ast-main-header-display":"","ast-hfb-above-header-display":"","ast-hfb-below-header-display":"","ast-hfb-mobile-header-display":"","site-post-title":"","ast-breadcrumbs-content":"","ast-featured-img":"","footer-sml-layout":"","theme-transparent-header-meta":"default","adv-header-id-meta":"","stick-header-meta":"","header-above-stick-meta":"","header-main-stick-meta":"","header-below-stick-meta":""},"uagb_featured_image_src":{"full":false,"thumbnail":false,"medium":false,"medium_large":false,"large":false,"1536x1536":false,"2048x2048":false},"uagb_author_info":{"display_name":"ORRE","author_link":"https:\/\/mtbmarsrutai.lt\/?author=1"},"uagb_comment_info":0,"uagb_excerpt":"Sveiki! Kvie\u010diame prisid\u0117ti prie projekto mtbmarsrutai.lt paramos arba skirti 1,2 procento pajam\u0173 mokes\u010dio. Su J\u016bs\u0173 pagalba puslapyje mtbmarsrutai.lt surinkome ir apra\u0161\u0117me per 200 MTB dvira\u010di\u0173 mar\u0161rut\u0173 i\u0161 visos Lietuvos, vis\u0173 j\u0173 GPX failus rasite prie mar\u0161rut\u0173 apra\u0161ymo. A\u010di\u016b u\u017e param\u0105, susitiksime trasose! NORIU PAREMTI PAVEDIMU V\u0161\u012f &#8222;ORRE&#8221;\u012emon\u0117s kodas: 302721315Banko s\u0105skaita: LT164010051002039242 Kontaktai:info@orre.lt (jei norite tapti&hellip;","_links":{"self":[{"href":"https:\/\/mtbmarsrutai.lt\/index.php?rest_route=\/wp\/v2\/pages\/260"}],"collection":[{"href":"https:\/\/mtbmarsrutai.lt\/index.php?rest_route=\/wp\/v2\/pages"}],"about":[{"href":"https:\/\/mtbmarsrutai.lt\/index.php?rest_route=\/wp\/v2\/types\/page"}],"author":[{"embeddable":true,"href":"https:\/\/mtbmarsrutai.lt\/index.php?rest_route=\/wp\/v2\/users\/1"}],"replies":[{"embeddable":true,"href":"https:\/\/mtbmarsrutai.lt\/index.php?rest_route=%2Fwp%2Fv2%2Fcomments&post=260"}],"version-history":[{"count":18,"href":"https:\/\/mtbmarsrutai.lt\/index.php?rest_route=\/wp\/v2\/pages\/260\/revisions"}],"predecessor-version":[{"id":1097,"href":"https:\/\/mtbmarsrutai.lt\/index.php?rest_route=\/wp\/v2\/pages\/260\/revisions\/1097"}],"wp:attachment":[{"href":"https:\/\/mtbmarsrutai.lt\/index.php?rest_route=%2Fwp%2Fv2%2Fmedia&parent=260"}],"curies":[{"name":"wp","href":"https:\/\/api.w.org\/{rel}","templated":true}]}}